{"id":1368,"date":"2022-05-19T15:08:45","date_gmt":"2022-05-19T15:08:45","guid":{"rendered":"https:\/\/gasparsuarez.com\/politica-de-privacidade"},"modified":"2025-12-01T15:52:01","modified_gmt":"2025-12-01T15:52:01","slug":"politica-de-privacidade","status":"publish","type":"page","link":"https:\/\/gasparsuarez.com\/pt-pt\/politica-de-privacidade\/","title":{"rendered":"Pol\u00edtica de Privacidade"},"content":{"rendered":"\t\t<div data-elementor-type=\"wp-page\" data-elementor-id=\"1368\" class=\"elementor elementor-1368 elementor-3\" data-elementor-post-type=\"page\">\n\t\t\t\t\t\t<section class=\"elementor-section elementor-top-section elementor-element elementor-element-49be6a0e elementor-section-boxed elementor-section-height-default elementor-section-height-default\" data-id=\"49be6a0e\" data-element_type=\"section\" data-e-type=\"section\" data-settings=\"{&quot;background_background&quot;:&quot;classic&quot;}\">\n\t\t\t\t\t\t<div class=\"elementor-container elementor-column-gap-default\">\n\t\t\t\t\t<div class=\"elementor-column elementor-col-100 elementor-top-column elementor-element elementor-element-5f6d955e\" data-id=\"5f6d955e\" data-element_type=\"column\" data-e-type=\"column\">\n\t\t\t<div class=\"elementor-widget-wrap elementor-element-populated\">\n\t\t\t\t\t\t<div class=\"elementor-element elementor-element-1c66567e elementor-widget elementor-widget-text-editor\" data-id=\"1c66567e\" data-element_type=\"widget\" data-e-type=\"widget\" data-widget_type=\"text-editor.default\">\n\t\t\t\t\t\t\t\t\t<p><strong>Dados de identifica\u00e7\u00e3o do propriet\u00e1rio do site<\/strong><strong>:<\/strong><\/p>\n<p><strong>De acordo com a Lei 34\/2002, de 11 de julho, sobre Servi\u00e7os da Sociedade da Informa\u00e7\u00e3o e Com\u00e9rcio Eletr\u00f4nico (LSSICE).<\/strong><\/p>\n<p>Obriga\u00e7\u00f5es gerais de informa\u00e7\u00e3o estabelecidas no artigo 10.\u00ba da LSSI.<\/p>\n<p>Esta pol\u00edtica regula o acesso e uso do site <a href=\"http:\/\/www.gasparsuarez.com\">www.gasparsuarez.com<\/a> de:<\/p>\n<p>GASPAR&amp;SUAREZ VIAGENS E LUXURY EXPERIENCES SL<\/p>\n<p>CIF: B10666956<\/p>\n<p>Endere\u00e7o: CALLE CARLOS MASIDE 10 1D CP36640-PUENTECEURES<\/p>\n<p>E-mail: <a href=\"mailto:admin@gasparsuarez.com\">admin@gasparsuarez.com<\/a><\/p>\n<p>Inscrito na Conservat\u00f3ria do Registo Comercial de Pontevedra<\/p>\n<p><strong><u>Pol\u00edtica de prote\u00e7\u00e3o de dados<\/u><\/strong><strong>:<\/strong><\/p>\n<p><strong>Legisla\u00e7\u00e3o.<\/strong> Em conformidade com o artigo 12.\u00ba do Regulamento Europeu de Prote\u00e7\u00e3o de Dados, relativo \u00e0 transpar\u00eancia da informa\u00e7\u00e3o, comunica\u00e7\u00e3o e modalidades de exerc\u00edcio dos direitos do interessado e o artigo 13.\u00ba relativo \u00e0 informa\u00e7\u00e3o que deve ser prestada quando os dados pessoais s\u00e3o obtidos do interessado.<\/p>\n<p><strong>Controlador de dados.<\/strong> GASPAR&amp;SUAREZ TRAVELS AND LUXURY EXPERIENCES SL CIF: B10666956 Endere\u00e7o: CALLE CARLOS MASIDE 10 1D CP36640-PUENTECEURES<\/p>\n<p><strong>Prop\u00f3sito do tratamento. <\/strong><\/p>\n<ul>\n<li><strong>Formul\u00e1rio de contato.<\/strong> O objetivo do tratamento \u00e9 gerenciar os pedidos de informa\u00e7\u00f5es ou contatos recebidos.<\/li>\n<li><strong>Formul\u00e1rio de assinatura.<\/strong> O objetivo do tratamento \u00e9 gerenciar os pedidos de assinatura do CLUB GASPAR&amp;SUAREZ.<\/li>\n<\/ul>\n<p><strong>Legitima\u00e7\u00e3o. <\/strong><\/p>\n<ul>\n<li><strong>Formul\u00e1rio de contato.<\/strong> A base legal para processar seus dados \u00e9 poder responder \u00e0 sua solicita\u00e7\u00e3o de contato.<\/li>\n<li><strong>Formul\u00e1rio de inscri\u00e7\u00e3o. <\/strong>A base legal \u00e9 poder atender a sua solicita\u00e7\u00e3o de assinatura ao CLUB GASPAR&amp;SUAREZ.<\/li>\n<\/ul>\n<p>O interessado d\u00e1 o seu consentimento preenchendo o formul\u00e1rio e enviando-nos os seus dados.<\/p>\n<p><strong>Reten\u00e7\u00e3o de dados. <\/strong><\/p>\n<ul>\n<li><strong>Formul\u00e1rio de contato.<\/strong> Os dados fornecidos ser\u00e3o mantidos pelo tempo necess\u00e1rio para atender sua solicita\u00e7\u00e3o de contato e nunca exceder\u00e3o 1 ano a partir do \u00faltimo contato.<\/li>\n<li><strong>Formul\u00e1rio de inscri\u00e7\u00e3o.<\/strong> Desde que voc\u00ea n\u00e3o solicite o cancelamento da inscri\u00e7\u00e3o.<\/li>\n<\/ul>\n<p><strong>Transfer\u00eancias de dados.<\/strong><\/p>\n<ul>\n<li><strong>Formul\u00e1rio de contato.<\/strong> Os dados n\u00e3o ser\u00e3o cedidos a terceiros, exceto nos casos em que haja obriga\u00e7\u00e3o legal.<\/li>\n<li><strong>Formul\u00e1rio de inscri\u00e7\u00e3o.<\/strong> Os dados n\u00e3o ser\u00e3o cedidos a terceiros, exceto nos casos em que haja uma obriga\u00e7\u00e3o legal.<\/li>\n<\/ul>\n<p><strong>Direitos do interessado.<\/strong> Voc\u00ea ter\u00e1 o direito de acessar seus dados pessoais, bem como solicitar a retifica\u00e7\u00e3o de dados inexatos ou, se for o caso, solicitar sua exclus\u00e3o quando, entre outros motivos, os dados n\u00e3o s\u00e3o mais necess\u00e1rios para os fins para os quais foram coletados. Poder\u00e1 solicitar a limita\u00e7\u00e3o ou oposi\u00e7\u00e3o do tratamento dos seus dados, caso em que os manteremos apenas para cumprir as obriga\u00e7\u00f5es legalmente estabelecidas.<\/p>\n<p><strong>Direito de n\u00e3o estar sujeito a decis\u00f5es individuais automatizadas, incluindo cria\u00e7\u00e3o de perfis.<\/strong> N\u00e3o s\u00e3o tomadas decis\u00f5es individuais automatizadas sobre o usu\u00e1rio ou s\u00e3o criados perfis que produzem efeitos legais ou os afetam significativamente de maneira semelhante.<\/p>\n<p><strong>Onde exercer seus direitos.<\/strong> Para exercer seus direitos, voc\u00ea deve enviar um e-mail para <a href=\"mailto:admin@gasparsuarez.com\">admin@gasparsuarez.com<\/a> indicando por escrito seu pedido e anexando uma fotoc\u00f3pia do seu documento de identidade.<\/p>\n<p>Para facilitar o seu exerc\u00edcio, disponibilizamos-lhe links para o formul\u00e1rio de candidatura para cada um dos direitos:<\/p>\n<p><a href=\"https:\/\/www.aepd.es\/media\/formularios\/formulario-right-of-access.pdf\">Formul\u00e1rio para exercer o direito de acesso<\/a><\/p>\n<p><a href=\"https:\/\/www.aepd.es\/media\/formularios\/formulario-derecho-de-rectificacion.pdf\">Formul\u00e1rio para exerc\u00edcio do direito de retifica\u00e7\u00e3o<\/a><\/p>\n<p><a href=\"https:\/\/www.aepd.es\/media\/formularios\/formulario-right-of-opposition.pdf\">Formul\u00e1rio para exerc\u00edcio do direito de oposi\u00e7\u00e3o<\/a><\/p>\n<p><a href=\"https:\/\/www.aepd.es\/media\/formularios\/formulario-derecho-de-supresion.pdf\">Formul\u00e1rio para exerc\u00edcio do direito de supress\u00e3o (direito \u201ca ser esquecido\u201d)<\/a><\/p>\n<p><a href=\"https:\/\/www.aepd.es\/media\/formularios\/formulario-derecho-de-limitacion.pdf\">Formul\u00e1rio para exerc\u00edcio do direito de limita\u00e7\u00e3o de processamento<\/a><\/p>\n<p><a href=\"https:\/\/www.aepd.es\/media\/formularios\/portability-right-form.pdf\">Formul\u00e1rio de exerc\u00edcio do direito \u00e0 portabilidade<\/a><\/p>\n<p><a href=\"https:\/\/www.aepd.es\/media\/formularios\/formulario-right-of-opposition-decisiones-automatizadas.pdf\">Formul\u00e1rio de exerc\u00edcio n\u00e3o sujeito a decis\u00f5es individuais automatizadas<\/a><\/p>\n<p><strong>Medidas de seguran\u00e7a.<\/strong> Levando em considera\u00e7\u00e3o o estado da arte, os custos de aplica\u00e7\u00e3o e a natureza, escopo, contexto e finalidades do tratamento, bem como riscos de probabilidade e gravidade vari\u00e1veis para os direitos e liberdades das pessoas singulares, GASPAR&amp;SUAREZ TRAVELS AND LUXURY EXPERIENCES SL aplica as medidas t\u00e9cnicas e organizativas adequadas para garantir um n\u00edvel de seguran\u00e7a adequado ao risco.<\/p>\n<p><strong>Transfer\u00eancias internacionais de dados. <\/strong>N\u00e3o h\u00e1 transfer\u00eancias internacionais de seus dados para pa\u00edses fora do Espa\u00e7o Econ\u00f4mico Europeu (EEE).<\/p>\n<p><strong>Tratamento baseado no consentimento da parte afetada. <\/strong>Atrav\u00e9s deste site <a href=\"http:\/\/www.gasparsuarez.com\">www.gasparsuarez.com<\/a> nenhum dado pessoal \u00e9 coletado sem o seu consentimento.<\/p>\n<p><strong>Dever de confidencialidade.<\/strong> De acordo com o artigo 5.1 f) do Regulamento (UE) 2016\/679, GASPAR&amp;SUAREZ TRAVELS AND LUXURY EXPERIENCES SL compromete-se a tratar os seus dados pessoais de forma absolutamente confidencial e a utiliz\u00e1-los apenas para os fins indicados.<\/p>\n<p><strong>Inexatid\u00e3o dos dados obtidos diretamente da parte afetada. <\/strong>Para os fins previstos no artigo 5.1 d) do Regulamento (UE) 2016\/679, os dados pessoais imprecisos em rela\u00e7\u00e3o aos fins para os quais s\u00e3o processados n\u00e3o ser\u00e3o imput\u00e1veis ao controlador, se voc\u00ea n\u00e3o exerceu o seu direito de retifica\u00e7\u00e3o.<\/p>\n<p><strong>Direito de reclama\u00e7\u00e3o.<\/strong> Caso n\u00e3o esteja satisfeito com o tratamento dos seus dados, pode dirigir a sua reclama\u00e7\u00e3o \u00e0 Ag\u00eancia Espanhola de Prote\u00e7\u00e3o de Dados, C\/ Jorge Juan, 6 \u2013 28001 Madrid.<\/p>\n<p><strong><u>Legisla\u00e7\u00e3o aplic\u00e1vel:<\/u><\/strong><\/p>\n<p>Esta Pol\u00edtica de Privacidade ser\u00e1 regida pelas disposi\u00e7\u00f5es da lei espanhola, submetendo-se \u00e0 jurisdi\u00e7\u00e3o dos Tribunais e Tribunais do domic\u00edlio do propriet\u00e1rio do site.<\/p>\t\t\t\t\t\t\t\t<\/div>\n\t\t\t\t\t<\/div>\n\t\t<\/div>\n\t\t\t\t\t<\/div>\n\t\t<\/section>\n\t\t\t\t<\/div>\n\t\t","protected":false},"excerpt":{"rendered":"<p>Dados de identifica\u00e7\u00e3o do propriet\u00e1rio do site: De acordo com a Lei 34\/2002, de 11 de julho, sobre Servi\u00e7os da Sociedade da Informa\u00e7\u00e3o e Com\u00e9rcio Eletr\u00f4nico (LSSICE). Obriga\u00e7\u00f5es gerais de informa\u00e7\u00e3o estabelecidas no artigo 10.\u00ba da LSSI. Esta pol\u00edtica regula o acesso e uso do site www.gasparsuarez.com de: GASPAR&amp;SUAREZ VIAGENS E LUXURY EXPERIENCES SL CIF: [&hellip;]<\/p>\n","protected":false},"author":1,"featured_media":0,"parent":0,"menu_order":0,"comment_status":"closed","ping_status":"closed","template":"elementor_header_footer","meta":{"_acf_changed":false,"_seopress_robots_primary_cat":"","_seopress_titles_title":"","_seopress_titles_desc":"","_seopress_robots_index":"Sim","inline_featured_image":false,"footnotes":""},"class_list":["post-1368","page","type-page","status-publish"],"acf":[],"_links":{"self":[{"href":"https:\/\/gasparsuarez.com\/pt-pt\/wp-json\/wp\/v2\/pages\/1368","targetHints":{"allow":["GET"]}}],"collection":[{"href":"https:\/\/gasparsuarez.com\/pt-pt\/wp-json\/wp\/v2\/pages"}],"about":[{"href":"https:\/\/gasparsuarez.com\/pt-pt\/wp-json\/wp\/v2\/types\/page"}],"author":[{"embeddable":true,"href":"https:\/\/gasparsuarez.com\/pt-pt\/wp-json\/wp\/v2\/users\/1"}],"replies":[{"embeddable":true,"href":"https:\/\/gasparsuarez.com\/pt-pt\/wp-json\/wp\/v2\/comments?post=1368"}],"version-history":[{"count":5,"href":"https:\/\/gasparsuarez.com\/pt-pt\/wp-json\/wp\/v2\/pages\/1368\/revisions"}],"predecessor-version":[{"id":5348,"href":"https:\/\/gasparsuarez.com\/pt-pt\/wp-json\/wp\/v2\/pages\/1368\/revisions\/5348"}],"wp:attachment":[{"href":"https:\/\/gasparsuarez.com\/pt-pt\/wp-json\/wp\/v2\/media?parent=1368"}],"curies":[{"name":"wp","href":"https:\/\/api.w.org\/{rel}","templated":true}]}}