{"id":1137,"date":"2022-06-07T14:55:44","date_gmt":"2022-06-07T14:55:44","guid":{"rendered":"http:\/\/gasparsuarez.com\/contato"},"modified":"2022-08-23T12:31:26","modified_gmt":"2022-08-23T12:31:26","slug":"contato","status":"publish","type":"page","link":"https:\/\/gasparsuarez.com\/pt-pt\/contato\/","title":{"rendered":"Contato"},"content":{"rendered":"\t\t<div data-elementor-type=\"wp-page\" data-elementor-id=\"1137\" class=\"elementor elementor-1137 elementor-334\" data-elementor-post-type=\"page\">\n\t\t\t\t\t\t<section data-dce-background-overlay-color=\"#000000\" data-dce-background-image-url=\"http:\/\/gasparsuarez.com\/wp-content\/uploads\/2022\/06\/hero.jpg\" class=\"elementor-section elementor-top-section elementor-element elementor-element-d8690f5 elementor-section-boxed elementor-section-height-default elementor-section-height-default\" data-id=\"d8690f5\" data-element_type=\"section\" data-e-type=\"section\" data-settings=\"{&quot;background_background&quot;:&quot;classic&quot;}\">\n\t\t\t\t\t\t\t<div class=\"elementor-background-overlay\"><\/div>\n\t\t\t\t\t\t\t<div class=\"elementor-container elementor-column-gap-default\">\n\t\t\t\t\t<div class=\"elementor-column elementor-col-100 elementor-top-column elementor-element elementor-element-7e9c37b\" data-id=\"7e9c37b\" data-element_type=\"column\" data-e-type=\"column\">\n\t\t\t<div class=\"elementor-widget-wrap elementor-element-populated\">\n\t\t\t\t\t\t<div data-dce-title-color=\"#FFFFFF\" class=\"elementor-element elementor-element-0de33fb elementor-invisible elementor-widget elementor-widget-heading\" data-id=\"0de33fb\" data-element_type=\"widget\" data-e-type=\"widget\" data-settings=\"{&quot;_animation&quot;:&quot;fadeInUp&quot;}\" data-widget_type=\"heading.default\">\n\t\t\t\t\t<h4 class=\"elementor-heading-title elementor-size-default\">Voc\u00ea pode entrar em contato conosco por e-mail, telefone ou preencha o formul\u00e1rio abaixo.<\/h4>\t\t\t\t<\/div>\n\t\t\t\t<section class=\"elementor-section elementor-inner-section elementor-element elementor-element-dfc7ba9 elementor-section-boxed elementor-section-height-default elementor-section-height-default\" data-id=\"dfc7ba9\" data-element_type=\"section\" data-e-type=\"section\">\n\t\t\t\t\t\t<div class=\"elementor-container elementor-column-gap-default\">\n\t\t\t\t\t<div data-dce-background-color=\"#FFFFFFC9\" class=\"elementor-column elementor-col-50 elementor-inner-column elementor-element elementor-element-f5cb62b elementor-invisible\" data-id=\"f5cb62b\" data-element_type=\"column\" data-e-type=\"column\" data-settings=\"{&quot;background_background&quot;:&quot;classic&quot;,&quot;animation&quot;:&quot;fadeInUp&quot;}\">\n\t\t\t<div class=\"elementor-widget-wrap elementor-element-populated\">\n\t\t\t\t\t\t<div class=\"elementor-element elementor-element-e0a56a3 elementor-widget elementor-widget-text-editor\" data-id=\"e0a56a3\" data-element_type=\"widget\" data-e-type=\"widget\" data-widget_type=\"text-editor.default\">\n\t\t\t\t\t\t\t\t\tTelefone\t\t\t\t\t\t\t\t<\/div>\n\t\t\t\t<div class=\"elementor-element elementor-element-608dc98 elementor-widget-divider--view-line elementor-widget elementor-widget-divider\" data-id=\"608dc98\" data-element_type=\"widget\" data-e-type=\"widget\" data-widget_type=\"divider.default\">\n\t\t\t\t\t\t\t<div class=\"elementor-divider\">\n\t\t\t<span class=\"elementor-divider-separator\">\n\t\t\t\t\t\t<\/span>\n\t\t<\/div>\n\t\t\t\t\t\t<\/div>\n\t\t\t\t<div class=\"elementor-element elementor-element-27fd44b elementor-widget elementor-widget-text-editor\" data-id=\"27fd44b\" data-element_type=\"widget\" data-e-type=\"widget\" data-widget_type=\"text-editor.default\">\n\t\t\t\t\t\t\t\t\t<p><a href=\"tel: +34625820250\">+34 625 820 250<\/a><\/p>\t\t\t\t\t\t\t\t<\/div>\n\t\t\t\t\t<\/div>\n\t\t<\/div>\n\t\t\t\t<div data-dce-background-color=\"#FFFFFFC9\" class=\"elementor-column elementor-col-50 elementor-inner-column elementor-element elementor-element-bc18a53 elementor-invisible\" data-id=\"bc18a53\" data-element_type=\"column\" data-e-type=\"column\" data-settings=\"{&quot;background_background&quot;:&quot;classic&quot;,&quot;animation&quot;:&quot;fadeInUp&quot;}\">\n\t\t\t<div class=\"elementor-widget-wrap elementor-element-populated\">\n\t\t\t\t\t\t<div class=\"elementor-element elementor-element-2c0ab97 elementor-widget elementor-widget-text-editor\" data-id=\"2c0ab97\" data-element_type=\"widget\" data-e-type=\"widget\" data-widget_type=\"text-editor.default\">\n\t\t\t\t\t\t\t\t\tEmail\t\t\t\t\t\t\t\t<\/div>\n\t\t\t\t<div class=\"elementor-element elementor-element-927766c elementor-widget-divider--view-line elementor-widget elementor-widget-divider\" data-id=\"927766c\" data-element_type=\"widget\" data-e-type=\"widget\" data-widget_type=\"divider.default\">\n\t\t\t\t\t\t\t<div class=\"elementor-divider\">\n\t\t\t<span class=\"elementor-divider-separator\">\n\t\t\t\t\t\t<\/span>\n\t\t<\/div>\n\t\t\t\t\t\t<\/div>\n\t\t\t\t<div class=\"elementor-element elementor-element-a5e8ad9 elementor-widget elementor-widget-text-editor\" data-id=\"a5e8ad9\" data-element_type=\"widget\" data-e-type=\"widget\" data-widget_type=\"text-editor.default\">\n\t\t\t\t\t\t\t\t\t<a href=\"mailto:info@gasparsuarez.com\">info@gasparsuarez.com<\/a>\t\t\t\t\t\t\t\t<\/div>\n\t\t\t\t\t<\/div>\n\t\t<\/div>\n\t\t\t\t\t<\/div>\n\t\t<\/section>\n\t\t\t\t\t<\/div>\n\t\t<\/div>\n\t\t\t\t\t<\/div>\n\t\t<\/section>\n\t\t\t\t<section class=\"elementor-section elementor-top-section elementor-element elementor-element-2fef994d elementor-section-boxed elementor-section-height-default elementor-section-height-default\" data-id=\"2fef994d\" data-element_type=\"section\" data-e-type=\"section\" data-settings=\"{&quot;background_background&quot;:&quot;classic&quot;}\">\n\t\t\t\t\t\t<div class=\"elementor-container elementor-column-gap-no\">\n\t\t\t\t\t<div class=\"elementor-column elementor-col-100 elementor-top-column elementor-element elementor-element-6088cee1\" data-id=\"6088cee1\" data-element_type=\"column\" data-e-type=\"column\">\n\t\t\t<div class=\"elementor-widget-wrap elementor-element-populated\">\n\t\t\t\t\t\t<div class=\"elementor-element elementor-element-21d64d53 elementor-invisible elementor-widget elementor-widget-heading\" data-id=\"21d64d53\" data-element_type=\"widget\" data-e-type=\"widget\" data-settings=\"{&quot;_animation&quot;:&quot;fadeInUp&quot;}\" data-widget_type=\"heading.default\">\n\t\t\t\t\t<h1 class=\"elementor-heading-title elementor-size-default\">Diga-nos o que voc\u00ea precisa<\/h1>\t\t\t\t<\/div>\n\t\t\t\t<div class=\"elementor-element elementor-element-7ad68526 elementor-widget elementor-widget-text-editor\" data-id=\"7ad68526\" data-element_type=\"widget\" data-e-type=\"widget\" data-widget_type=\"text-editor.default\">\n\t\t\t\t\t\t\t\t\tCada experi\u00eancia \u00e9 avaliada ao mais alto n\u00edvel por nossa equipe. Um consultor GASPAR &amp; SUAREZ entrar\u00e1 em contato com voc\u00ea para personalizar esta viagem \u00fanica de forma privada.\r\nPor favor, preencha o formul\u00e1rio.\t\t\t\t\t\t\t\t<\/div>\n\t\t\t\t<div class=\"elementor-element elementor-element-2f569058 elementor-tablet-button-align-end elementor-mobile-button-align-stretch elementor-button-align-stretch elementor-widget elementor-widget-form\" data-id=\"2f569058\" data-element_type=\"widget\" data-e-type=\"widget\" data-settings=\"{&quot;step_next_label&quot;:&quot;Seguindo&quot;,&quot;step_previous_label&quot;:&quot;Anterior&quot;,&quot;step_type&quot;:&quot;progress_bar&quot;,&quot;button_width_tablet&quot;:&quot;100&quot;,&quot;button_width&quot;:&quot;100&quot;,&quot;dce_confirm_dialog_enabled&quot;:&quot;no&quot;,&quot;label_icon_size&quot;:{&quot;unit&quot;:&quot;px&quot;,&quot;size&quot;:&quot;&quot;,&quot;sizes&quot;:[]},&quot;field_icon_size&quot;:{&quot;unit&quot;:&quot;px&quot;,&quot;size&quot;:&quot;&quot;,&quot;sizes&quot;:[]}}\" data-widget_type=\"form.default\">\n\t\t\t\t\t\t\t<form class=\"elementor-form\" method=\"post\" name=\"Ficha de reserva\" aria-label=\"Ficha de reserva\">\n\t\t\t<input type=\"hidden\" name=\"post_id\" value=\"1137\"\/>\n\t\t\t<input type=\"hidden\" name=\"form_id\" value=\"2f569058\"\/>\n\t\t\t<input type=\"hidden\" name=\"referer_title\" value=\"\" \/>\n\n\t\t\t\n\t\t\t<div class=\"elementor-form-fields-wrapper elementor-labels-above\">\n\t\t\t\t\t\t\t\t<div class=\"elementor-field-type-step elementor-field-group elementor-column elementor-field-group-field_f749e7a elementor-col-100\">\n\t\t\t\t\t\t\t<div class=\"e-field-step elementor-hidden\" data-label=\"Informa\u00e7\u00e3o de viagem\" data-previousButton=\"\" data-nextButton=\"\" data-iconUrl=\"\" data-iconLibrary=\"fas fa-star\" data-icon=\"\" ><\/div>\n\n\t\t\t\t\t\t<\/div>\n\t\t\t\t\t\t\t\t<div class=\"elementor-field-type-html elementor-field-group elementor-column elementor-field-group-field_09aa27b elementor-col-100\">\n\t\t\t\t\t<i>* Se voc\u00ea ainda n\u00e3o sabe algo, pode deixar em branco.<\/i>\t\t\t\t<\/div>\n\t\t\t\t\t\t\t\t<div class=\"elementor-field-type-text elementor-field-group elementor-column elementor-field-group-name elementor-col-50 elementor-md-50\">\n\t\t\t\t\t\t\t\t\t\t\t\t<label for=\"form-field-name\" class=\"elementor-field-label\">\n\t\t\t\t\t\t\t\tDestino ou pa\u00eds\t\t\t\t\t\t\t<\/label>\n\t\t\t\t\t\t\t\t\t\t\t\t\t\t<input size=\"1\" type=\"text\" name=\"form_fields[name]\" id=\"form-field-name\" class=\"elementor-field elementor-size-md  elementor-field-textual\">\n\t\t\t\t\t\t\t\t\t\t\t<\/div>\n\t\t\t\t\t\t\t\t<div class=\"elementor-field-type-text elementor-field-group elementor-column elementor-field-group-field_e9b9d6b elementor-col-50 elementor-md-50\">\n\t\t\t\t\t\t\t\t\t\t\t\t<label for=\"form-field-field_e9b9d6b\" class=\"elementor-field-label\">\n\t\t\t\t\t\t\t\tDura\u00e7\u00e3o aproximada da viagem\t\t\t\t\t\t\t<\/label>\n\t\t\t\t\t\t\t\t\t\t\t\t\t\t<input size=\"1\" type=\"text\" name=\"form_fields[field_e9b9d6b]\" id=\"form-field-field_e9b9d6b\" class=\"elementor-field elementor-size-md  elementor-field-textual\">\n\t\t\t\t\t\t\t\t\t\t\t<\/div>\n\t\t\t\t\t\t\t\t<div class=\"elementor-field-type-date elementor-field-group elementor-column elementor-field-group-field_a952604 elementor-col-33\">\n\t\t\t\t\t\t\t\t\t\t\t\t<label for=\"form-field-field_a952604\" class=\"elementor-field-label\">\n\t\t\t\t\t\t\t\tData de in\u00edcio da viagem\t\t\t\t\t\t\t<\/label>\n\t\t\t\t\t\t\n\t\t<input type=\"date\" name=\"form_fields[field_a952604]\" id=\"form-field-field_a952604\" class=\"elementor-field elementor-size-md  elementor-field-textual elementor-date-field elementor-use-native\" pattern=\"[0-9]{4}-[0-9]{2}-[0-9]{2}\">\n\t\t\t\t\t\t<\/div>\n\t\t\t\t\t\t\t\t<div class=\"elementor-field-type-text elementor-field-group elementor-column elementor-field-group-field_289e0db elementor-col-33\">\n\t\t\t\t\t\t\t\t\t\t\t\t<label for=\"form-field-field_289e0db\" class=\"elementor-field-label\">\n\t\t\t\t\t\t\t\tN\u00famero de viajantes\t\t\t\t\t\t\t<\/label>\n\t\t\t\t\t\t\t\t\t\t\t\t\t\t<input size=\"1\" type=\"text\" name=\"form_fields[field_289e0db]\" id=\"form-field-field_289e0db\" class=\"elementor-field elementor-size-md  elementor-field-textual\">\n\t\t\t\t\t\t\t\t\t\t\t<\/div>\n\t\t\t\t\t\t\t\t<div class=\"elementor-field-type-text elementor-field-group elementor-column elementor-field-group-field_dd8f799 elementor-col-33\">\n\t\t\t\t\t\t\t\t\t\t\t\t<label for=\"form-field-field_dd8f799\" class=\"elementor-field-label\">\n\t\t\t\t\t\t\t\tOr\u00e7amento por pessoa\t\t\t\t\t\t\t<\/label>\n\t\t\t\t\t\t\t\t\t\t\t\t\t\t<input size=\"1\" type=\"text\" name=\"form_fields[field_dd8f799]\" id=\"form-field-field_dd8f799\" class=\"elementor-field elementor-size-md  elementor-field-textual\">\n\t\t\t\t\t\t\t\t\t\t\t<\/div>\n\t\t\t\t\t\t\t\t<div class=\"elementor-field-type-checkbox elementor-field-group elementor-column elementor-field-group-field_bf5bd06 elementor-col-50\">\n\t\t\t\t\t\t\t\t\t\t\t\t<label for=\"form-field-field_bf5bd06\" class=\"elementor-field-label\">\n\t\t\t\t\t\t\t\tEm quais servi\u00e7os voc\u00ea est\u00e1 interessado?\t\t\t\t\t\t\t<\/label>\n\t\t\t\t\t\t<div class=\"elementor-field-subgroup  \"><span class=\"elementor-field-option\"><input type=\"checkbox\" value=\"Porteiro\" id=\"form-field-field_bf5bd06-0\" name=\"form_fields[field_bf5bd06][]\"> <label for=\"form-field-field_bf5bd06-0\">Porteiro<\/label><\/span><span class=\"elementor-field-option\"><input type=\"checkbox\" value=\"Viagens\" id=\"form-field-field_bf5bd06-1\" name=\"form_fields[field_bf5bd06][]\"> <label for=\"form-field-field_bf5bd06-1\">Viagens<\/label><\/span><span class=\"elementor-field-option\"><input type=\"checkbox\" value=\"Experi\u00eancias\" id=\"form-field-field_bf5bd06-2\" name=\"form_fields[field_bf5bd06][]\"> <label for=\"form-field-field_bf5bd06-2\">Experi\u00eancias<\/label><\/span><\/div>\t\t\t\t<\/div>\n\t\t\t\t\t\t\t\t<div class=\"elementor-field-type-checkbox elementor-field-group elementor-column elementor-field-group-field_002f4eb elementor-col-50\">\n\t\t\t\t\t\t\t\t\t\t\t\t<label for=\"form-field-field_002f4eb\" class=\"elementor-field-label\">\n\t\t\t\t\t\t\t\tUltra luxo\t\t\t\t\t\t\t<\/label>\n\t\t\t\t\t\t<div class=\"elementor-field-subgroup  \"><span class=\"elementor-field-option\"><input type=\"checkbox\" value=\"Jatos particulares\" id=\"form-field-field_002f4eb-0\" name=\"form_fields[field_002f4eb][]\"> <label for=\"form-field-field_002f4eb-0\">Jatos particulares<\/label><\/span><span class=\"elementor-field-option\"><input type=\"checkbox\" value=\"Vilas\" id=\"form-field-field_002f4eb-1\" name=\"form_fields[field_002f4eb][]\"> <label for=\"form-field-field_002f4eb-1\">Vilas<\/label><\/span><span class=\"elementor-field-option\"><input type=\"checkbox\" value=\"Ilhas particulares\" id=\"form-field-field_002f4eb-2\" name=\"form_fields[field_002f4eb][]\"> <label for=\"form-field-field_002f4eb-2\">Ilhas particulares<\/label><\/span><span class=\"elementor-field-option\"><input type=\"checkbox\" value=\"Super iates\" id=\"form-field-field_002f4eb-3\" name=\"form_fields[field_002f4eb][]\"> <label for=\"form-field-field_002f4eb-3\">Super iates<\/label><\/span><\/div>\t\t\t\t<\/div>\n\t\t\t\t\t\t\t\t<div class=\"elementor-field-type-textarea elementor-field-group elementor-column elementor-field-group-field_e2c3830 elementor-col-100\">\n\t\t\t\t\t\t\t\t\t\t\t\t<label for=\"form-field-field_e2c3830\" class=\"elementor-field-label\">\n\t\t\t\t\t\t\t\tBreve descri\u00e7\u00e3o do servi\u00e7o solicitado\t\t\t\t\t\t\t<\/label>\n\t\t\t\t\t\t<textarea class=\"elementor-field-textual elementor-field  elementor-size-md\" name=\"form_fields[field_e2c3830]\" id=\"form-field-field_e2c3830\" rows=\"4\"><\/textarea>\t\t\t\t<\/div>\n\t\t\t\t\t\t\t\t<div class=\"elementor-field-type-step elementor-field-group elementor-column elementor-field-group-field_13d8f23 elementor-col-100\">\n\t\t\t\t\t\t\t<div class=\"e-field-step elementor-hidden\" data-label=\"\" data-previousButton=\"\" data-nextButton=\"\" data-iconUrl=\"\" data-iconLibrary=\"fas fa-star\" data-icon=\"\" ><\/div>\n\n\t\t\t\t\t\t<\/div>\n\t\t\t\t\t\t\t\t<div class=\"elementor-field-type-text elementor-field-group elementor-column elementor-field-group-field_12617a1 elementor-col-50 elementor-md-50 elementor-field-required elementor-mark-required\">\n\t\t\t\t\t\t\t\t\t\t\t\t<label for=\"form-field-field_12617a1\" class=\"elementor-field-label\">\n\t\t\t\t\t\t\t\tNomes e sobrenomes\t\t\t\t\t\t\t<\/label>\n\t\t\t\t\t\t\t\t\t\t\t\t\t\t<input size=\"1\" type=\"text\" name=\"form_fields[field_12617a1]\" id=\"form-field-field_12617a1\" class=\"elementor-field elementor-size-md  elementor-field-textual\" required=\"required\">\n\t\t\t\t\t\t\t\t\t\t\t<\/div>\n\t\t\t\t\t\t\t\t<div class=\"elementor-field-type-email elementor-field-group elementor-column elementor-field-group-email elementor-col-50 elementor-md-50 elementor-field-required elementor-mark-required\">\n\t\t\t\t\t\t\t\t\t\t\t\t<label for=\"form-field-email\" class=\"elementor-field-label\">\n\t\t\t\t\t\t\t\tEmail \t\t\t\t\t\t\t<\/label>\n\t\t\t\t\t\t\t\t\t\t\t\t\t\t<input size=\"1\" type=\"email\" name=\"form_fields[email]\" id=\"form-field-email\" class=\"elementor-field elementor-size-md  elementor-field-textual\" required=\"required\">\n\t\t\t\t\t\t\t\t\t\t\t<\/div>\n\t\t\t\t\t\t\t\t<div class=\"elementor-field-type-tel elementor-field-group elementor-column elementor-field-group-field_72d6326 elementor-col-50 elementor-field-required elementor-mark-required\">\n\t\t\t\t\t\t\t\t\t\t\t\t<label for=\"form-field-field_72d6326\" class=\"elementor-field-label\">\n\t\t\t\t\t\t\t\tTelefone\t\t\t\t\t\t\t<\/label>\n\t\t\t\t\t\t\t\t<input size=\"1\" type=\"tel\" name=\"form_fields[field_72d6326]\" id=\"form-field-field_72d6326\" class=\"elementor-field elementor-size-md  elementor-field-textual\" required=\"required\" pattern=\"[0-9()#&amp;+*-=.]+\" title=\"Only numbers and phone characters (#, -, *, etc) are accepted.\">\n\n\t\t\t\t\t\t<\/div>\n\t\t\t\t\t\t\t\t<div class=\"elementor-field-type-text elementor-field-group elementor-column elementor-field-group-field_60fec97 elementor-col-50 elementor-field-required elementor-mark-required\">\n\t\t\t\t\t\t\t\t\t\t\t\t<label for=\"form-field-field_60fec97\" class=\"elementor-field-label\">\n\t\t\t\t\t\t\t\tCidade\t\t\t\t\t\t\t<\/label>\n\t\t\t\t\t\t\t\t\t\t\t\t\t\t<input size=\"1\" type=\"text\" name=\"form_fields[field_60fec97]\" id=\"form-field-field_60fec97\" class=\"elementor-field elementor-size-md  elementor-field-textual\" required=\"required\">\n\t\t\t\t\t\t\t\t\t\t\t<\/div>\n\t\t\t\t\t\t\t\t<div class=\"elementor-field-type-text elementor-field-group elementor-column elementor-field-group-field_3bae23e elementor-col-50 elementor-field-required elementor-mark-required\">\n\t\t\t\t\t\t\t\t\t\t\t\t<label for=\"form-field-field_3bae23e\" class=\"elementor-field-label\">\n\t\t\t\t\t\t\t\tC\u00f3digo postal\t\t\t\t\t\t\t<\/label>\n\t\t\t\t\t\t\t\t\t\t\t\t\t\t<input size=\"1\" type=\"text\" name=\"form_fields[field_3bae23e]\" id=\"form-field-field_3bae23e\" class=\"elementor-field elementor-size-md  elementor-field-textual\" required=\"required\">\n\t\t\t\t\t\t\t\t\t\t\t<\/div>\n\t\t\t\t\t\t\t\t<div class=\"elementor-field-type-text elementor-field-group elementor-column elementor-field-group-field_182479c elementor-col-50 elementor-field-required elementor-mark-required\">\n\t\t\t\t\t\t\t\t\t\t\t\t<label for=\"form-field-field_182479c\" class=\"elementor-field-label\">\n\t\t\t\t\t\t\t\tPa\u00eds\t\t\t\t\t\t\t<\/label>\n\t\t\t\t\t\t\t\t\t\t\t\t\t\t<input size=\"1\" type=\"text\" name=\"form_fields[field_182479c]\" id=\"form-field-field_182479c\" class=\"elementor-field elementor-size-md  elementor-field-textual\" required=\"required\">\n\t\t\t\t\t\t\t\t\t\t\t<\/div>\n\t\t\t\t\t\t\t\t<div class=\"elementor-field-type-checkbox elementor-field-group elementor-column elementor-field-group-field_030aa55 elementor-col-100\">\n\t\t\t\t\t<div class=\"elementor-field-subgroup  \"><span class=\"elementor-field-option\"><input type=\"checkbox\" value=\"Li e aceito a &lt;a href=&quot;http:\/\/gasparsuarez.com\/?page_id=3&quot; target=&quot;_blank&quot;&gt;Pol\u00edtica de Privacidade&lt;\/a&gt;\" id=\"form-field-field_030aa55-0\" name=\"form_fields[field_030aa55]\"> <label for=\"form-field-field_030aa55-0\">Li e aceito a <a href=\"http:\/\/gasparsuarez.com\/?page_id=3\" target=\"_blank\">Pol\u00edtica de Privacidade<\/a><\/label><\/span><\/div>\t\t\t\t<\/div>\n\t\t\t\t\t\t\t\t<div class=\"elementor-field-group elementor-column elementor-field-type-submit elementor-col-100 e-form__buttons elementor-md-100\">\n\t\t\t\t\t<button class=\"elementor-button elementor-size-md elementor-animation-grow\" type=\"submit\">\n\t\t\t\t\t\t<span class=\"elementor-button-content-wrapper\">\n\t\t\t\t\t\t\t\t\t\t\t\t\t\t\t\t\t\t\t\t\t\t<span class=\"elementor-button-text\">Mandar<\/span>\n\t\t\t\t\t\t\t\t\t\t\t\t\t<\/span>\n\t\t\t\t\t<\/button>\n\t\t\t\t<\/div>\n\t\t\t<\/div>\n\t\t<\/form>\n\t\t\t\t\t\t<\/div>\n\t\t\t\t\t<\/div>\n\t\t<\/div>\n\t\t\t\t\t<\/div>\n\t\t<\/section>\n\t\t\t\t<\/div>\n\t\t","protected":false},"excerpt":{"rendered":"<p>Voc\u00ea pode entrar em contato conosco por e-mail, telefone ou preencha o formul\u00e1rio abaixo. Telefone +34 625 820 250 Email info@gasparsuarez.com Diga-nos o que voc\u00ea precisa Cada experi\u00eancia \u00e9 avaliada ao mais alto n\u00edvel por nossa equipe. Um consultor GASPAR &amp; SUAREZ entrar\u00e1 em contato com voc\u00ea para personalizar esta viagem \u00fanica de forma privada. [&hellip;]<\/p>\n","protected":false},"author":1,"featured_media":0,"parent":0,"menu_order":0,"comment_status":"closed","ping_status":"closed","template":"","meta":{"_acf_changed":false,"_seopress_robots_primary_cat":"","_seopress_titles_title":"Contato [ Gaspar & Suarez ]","_seopress_titles_desc":"Na Gaspar & Suarez temos uma equipa altamente especializada em experi\u00eancias de luxo que o ajudar\u00e3o a planear a viagem perfeita para as suas f\u00e9rias de luxo.","_seopress_robots_index":"","inline_featured_image":false,"footnotes":""},"class_list":["post-1137","page","type-page","status-publish"],"acf":[],"_links":{"self":[{"href":"https:\/\/gasparsuarez.com\/pt-pt\/wp-json\/wp\/v2\/pages\/1137","targetHints":{"allow":["GET"]}}],"collection":[{"href":"https:\/\/gasparsuarez.com\/pt-pt\/wp-json\/wp\/v2\/pages"}],"about":[{"href":"https:\/\/gasparsuarez.com\/pt-pt\/wp-json\/wp\/v2\/types\/page"}],"author":[{"embeddable":true,"href":"https:\/\/gasparsuarez.com\/pt-pt\/wp-json\/wp\/v2\/users\/1"}],"replies":[{"embeddable":true,"href":"https:\/\/gasparsuarez.com\/pt-pt\/wp-json\/wp\/v2\/comments?post=1137"}],"version-history":[{"count":12,"href":"https:\/\/gasparsuarez.com\/pt-pt\/wp-json\/wp\/v2\/pages\/1137\/revisions"}],"predecessor-version":[{"id":1652,"href":"https:\/\/gasparsuarez.com\/pt-pt\/wp-json\/wp\/v2\/pages\/1137\/revisions\/1652"}],"wp:attachment":[{"href":"https:\/\/gasparsuarez.com\/pt-pt\/wp-json\/wp\/v2\/media?parent=1137"}],"curies":[{"name":"wp","href":"https:\/\/api.w.org\/{rel}","templated":true}]}}