{"id":1366,"date":"2022-05-19T15:08:45","date_gmt":"2022-05-19T15:08:45","guid":{"rendered":"https:\/\/gasparsuarez.com\/datenschutz-bestimmungen"},"modified":"2025-12-01T15:50:54","modified_gmt":"2025-12-01T15:50:54","slug":"datenschutz-bestimmungen","status":"publish","type":"page","link":"https:\/\/gasparsuarez.com\/de\/datenschutz-bestimmungen\/","title":{"rendered":"Datenschutzrichtlinie"},"content":{"rendered":"\t\t<div data-elementor-type=\"wp-page\" data-elementor-id=\"1366\" class=\"elementor elementor-1366 elementor-3\" data-elementor-post-type=\"page\">\n\t\t\t\t\t\t<section class=\"elementor-section elementor-top-section elementor-element elementor-element-49be6a0e elementor-section-boxed elementor-section-height-default elementor-section-height-default\" data-id=\"49be6a0e\" data-element_type=\"section\" data-e-type=\"section\" data-settings=\"{&quot;background_background&quot;:&quot;classic&quot;}\">\n\t\t\t\t\t\t<div class=\"elementor-container elementor-column-gap-default\">\n\t\t\t\t\t<div class=\"elementor-column elementor-col-100 elementor-top-column elementor-element elementor-element-5f6d955e\" data-id=\"5f6d955e\" data-element_type=\"column\" data-e-type=\"column\">\n\t\t\t<div class=\"elementor-widget-wrap elementor-element-populated\">\n\t\t\t\t\t\t<div class=\"elementor-element elementor-element-1c66567e elementor-widget elementor-widget-text-editor\" data-id=\"1c66567e\" data-element_type=\"widget\" data-e-type=\"widget\" data-widget_type=\"text-editor.default\">\n\t\t\t\t\t\t\t\t\t<p><strong>Identifikationsdaten des Website-Besitzers<\/strong><strong>:<\/strong><\/p>\n<p><strong>Gem\u00e4\u00df Gesetz 34\/2002 vom 11. Juli \u00fcber Informationsgesellschaftsdienste und Elektronischen Handel (LSSICE).<\/strong><\/p>\n<p>Allgemeine Informationspflichten, die in Artikel 10 des LSSI festgelegt sind.<\/p>\n<p>Diese Richtlinie regelt den Zugang zu und die Nutzung der Website <a href=\"http:\/\/www.gasparsuarez.com\">www.gasparsuarez.com<\/a> Eigentum von:<\/p>\n<p>GASPAR&amp;SUAREZ REISEN UND LUXUSERLEBNISSE SL  <\/p>\n<p>CIF: B10666956<\/p>\n<p>Adresse: CALLE CARLOS MASIDE 10 1D CP36640-PUENTECESURES<\/p>\n<p>E-Mail: <a href=\"mailto:admin@gasparsuarez.com\">admin@gasparsuarez.com<\/a><\/p>\n<p>Eingetragen im Handelsregister von Pontevedra<\/p>\n<p> <\/p>\n<p><strong><u>Datenschutzrichtlinie<\/u><\/strong><strong>:<\/strong><\/p>\n<p><strong>Gesetzgebung.<\/strong>  In \u00dcbereinstimmung mit Artikel 12 der Europ\u00e4ischen Datenschutzverordnung \u00fcber Transparenz von Informationen, Kommunikation und Modalit\u00e4ten zur Aus\u00fcbung der Rechte der betroffenen Person sowie Artikel 13 \u00fcber die Informationen, die bei der Beschaffung personenbezogener Daten von der betroffenen Person bereitgestellt werden.<\/p>\n<p><strong>Datencontroller.<\/strong>  GASPAR&amp;SUAREZ REISEN UND LUXUSERLEBNISSE SL CIF: B10666956 Adresse: CALLE CARLOS MASIDE 10 1D CP36640-PUENTECESURES<\/p>\n<p><strong>Zweck der Verarbeitung.  <\/strong><\/p>\n<ul>\n<li><strong>Kontaktformular.<\/strong>  Zweck der Verarbeitung ist es, die eingegangenen Anfragen nach Informationen oder Kontakten zu verwalten.<\/li>\n<li><strong>Abonnementformular.<\/strong>  Zweck der Verarbeitung ist es, Abonnementanfragen f\u00fcr CLUB GASPAR&amp;SUAREZ zu verwalten.<\/li>\n<\/ul>\n<p><strong>Legitimation.  <\/strong><\/p>\n<ul>\n<li><strong>Kontaktformular.<\/strong>  Die rechtliche Grundlage f\u00fcr die Verarbeitung Ihrer Daten besteht darin, auf Ihre Kontaktanfrage antworten zu k\u00f6nnen.<\/li>\n<li><strong>Abonnementformular.  <\/strong>Die rechtliche Grundlage besteht darin, Ihrem Antrag auf ein Abonnement f\u00fcr den CLUB GASPAR&amp;SUAREZ nachkommen zu k\u00f6nnen.<\/li>\n<\/ul>\n<p>Die betroffene Person gibt ihr Einverst\u00e4ndnis, indem sie das Formular ausf\u00fcllt und uns ihre Daten sendet.<\/p>\n<p><strong>Datenspeicherung.  <\/strong><\/p>\n<ul>\n<li><strong>Kontaktformular.<\/strong>  Die bereitgestellten Daten werden f\u00fcr die ben\u00f6tigte Zeit f\u00fcr Ihre Kontaktanfrage aufbewahrt und werden niemals ein Jahr nach dem letzten Kontakt \u00fcberschreiten.<\/li>\n<li><strong>Abonnementformular.<\/strong>  Solange du die K\u00fcndigung deines Abos nicht beantragst.<\/li>\n<\/ul>\n<p> <\/p>\n<p><strong>Daten\u00fcbertragungen.<\/strong><\/p>\n<ul>\n<li><strong>Kontaktformular.<\/strong>  Die Daten werden nur an Dritte \u00fcbertragen, au\u00dfer in F\u00e4llen, in denen eine rechtliche Verpflichtung besteht.<\/li>\n<li><strong>Anmeldeformular.<\/strong>  Die Daten werden nur an Dritte \u00fcbertragen, au\u00dfer in F\u00e4llen, in denen eine rechtliche Verpflichtung besteht.<\/li>\n<\/ul>\n<p><strong>Rechte der beteiligten Partei.<\/strong>  Sie haben das Recht, auf Ihre personenbezogenen Daten zuzugreifen sowie die Berichtigung ungenauer Daten zu beantragen oder, wo zutreffend, deren L\u00f6schung zu beantragen, wenn die Daten unter anderem f\u00fcr die Zwecke der Sammlung nicht mehr ben\u00f6tigt werden. Sie k\u00f6nnen die Begrenzung oder Ablehnung der Verarbeitung Ihrer Daten beantragen, in diesem Fall behalten wir sie nur, um den gesetzlich festgelegten Verpflichtungen nachzukommen.<\/p>\n<p><strong>Das Recht, nicht automatisierten individuellen Entscheidungen unterworfen zu werden, einschlie\u00dflich Profiling.<\/strong>  Es werden keine automatisierten individuellen Entscheidungen \u00fcber den Nutzer oder Profile getroffen, die rechtliche Auswirkungen haben oder den Nutzer in \u00e4hnlicher Weise wesentlich beeinflussen.<\/p>\n<p><strong>Wo man Rechte aus\u00fcben kann.<\/strong> Um Ihre Rechte auszu\u00fcben, m\u00fcssen Sie eine E-Mail an <a href=\"mailto:admin@gasparsuarez.com\">admin@gasparsuarez.com<\/a> senden, in der Sie Ihren Antrag schriftlich mitteilen und eine Fotokopie Ihres Ausweises beilegen.<\/p>\n<p>Um deren Aus\u00fcbung zu erleichtern, stellen wir Ihnen die Links zum Antragsformular f\u00fcr jedes der Rechte zur Verf\u00fcgung:<\/p>\n<p><a href=\"https:\/\/www.aepd.es\/media\/formularios\/formulario-derecho-de-acceso.pdf\">Aus\u00fcbung des Zugangsrechtsformulars<\/a><\/p>\n<p><a href=\"https:\/\/www.aepd.es\/media\/formularios\/formulario-derecho-de-rectificacion.pdf\">Formular zur Aus\u00fcbung des Rechts auf Korrektur<\/a><\/p>\n<p><a href=\"https:\/\/www.aepd.es\/media\/formularios\/formulario-derecho-de-oposicion.pdf\">Aus\u00fcbungsform Recht auf Einspruch<\/a><\/p>\n<p><a href=\"https:\/\/www.aepd.es\/media\/formularios\/formulario-derecho-de-supresion.pdf\">Recht auf Ausl\u00f6schung \u00dcbungsform (&#8222;Recht auf Vergessenwerden&#8220;)<\/a><\/p>\n<p><a href=\"https:\/\/www.aepd.es\/media\/formularios\/formulario-derecho-de-limitacion.pdf\">Formular zur Aus\u00fcbung des Rechts auf Einschr\u00e4nkung der Bearbeitung<\/a><\/p>\n<p><a href=\"https:\/\/www.aepd.es\/media\/formularios\/formulario-derecho-de-portabilidad.pdf\">Formular zur Aus\u00fcbung des Rechts auf Portabilit\u00e4t<\/a><\/p>\n<p><a href=\"https:\/\/www.aepd.es\/media\/formularios\/formulario-derecho-de-oposicion-decisiones-automatizadas.pdf\">\u00dcbungsformular darf nicht automatisierten individuellen Entscheidungen unterliegen<\/a><\/p>\n<p> <\/p>\n<p><strong>Sicherheitsma\u00dfnahmen.<\/strong>  Unter Ber\u00fccksichtigung des Stand der Technik, der Antragskosten sowie der Art, des Umfangs, des Kontexts und der Zwecke der Verarbeitung sowie der Risiken unterschiedlicher Wahrscheinlichkeit und Schwere f\u00fcr die Rechte und Freiheiten nat\u00fcrlicher Personen ergreift GASPAR&amp;SUAREZ TRAVELS AND LUXURY EXPERIENCES SL geeignete technische und organisatorische Ma\u00dfnahmen, um ein dem Risiko angemessenes Sicherheitsniveau zu gew\u00e4hrleisten.<\/p>\n<p><strong>Internationale Daten\u00fcbertragungen.  <\/strong>Es gibt keine internationalen \u00dcbertragungen Ihrer Daten in L\u00e4nder au\u00dferhalb des Europ\u00e4ischen Wirtschaftsraums (EWR).<\/p>\n<p><strong>Verarbeitung erfolgt auf Grundlage der Zustimmung der betroffenen Person. <\/strong>\u00dcber diese Website werden keine personenbezogenen Daten <a href=\"http:\/\/www.gasparsuarez.com\">www.gasparsuarez.com<\/a> ohne Ihre Zustimmung erhoben.<\/p>\n<p><strong>Schweigepflicht.<\/strong>  Gem\u00e4\u00df Artikel 5.1 f) der Verordnung (EU) 2016\/679, GASPAR&amp;SUAREZ TRAVELS AND LUXURY EXPERIENCES, verpflichtet sich SL, Ihre personenbezogenen Daten absolut vertraulich zu behandeln und sie nur f\u00fcr die angegebenen Zwecke zu verwenden.<\/p>\n<p><strong>Ungenauigkeit der direkt von der betroffenen Person erhaltenen Daten.  <\/strong>F\u00fcr die in Artikel 5.1 d) der Verordnung (EU) 2016\/679 festgelegten personenbezogenen Daten werden personenbezogene Daten, die im Hinblick auf ihre Verarbeitung ungenau sind, dem Verantwortlichen nicht zugeschrieben, sofern Sie Ihr Recht auf Berichtigung nicht ausge\u00fcbt haben.<\/p>\n<p><strong>Recht auf Beschwerden.<\/strong>  Sollten Sie mit der Verarbeitung Ihrer Daten unzufrieden sein, k\u00f6nnen Sie Ihre Beschwerden an die spanische Datenschutzbeh\u00f6rde C\/ Jorge Juan, 6 \u2013 28001 Madrid, richten.<\/p>\n<p><strong><u>Anwendbare Gesetze:<\/u><\/strong><\/p>\n<p>Diese Datenschutzrichtlinie unterliegt den Bestimmungen des spanischen Rechts und unterliegt der Zust\u00e4ndigkeit der Gerichte und Tribunale des Wohnsitzes des Betreibers der Website.<\/p>\n\t\t\t\t\t\t\t\t<\/div>\n\t\t\t\t\t<\/div>\n\t\t<\/div>\n\t\t\t\t\t<\/div>\n\t\t<\/section>\n\t\t\t\t<\/div>\n\t\t","protected":false},"excerpt":{"rendered":"<p>Identifikationsdaten des Website-Besitzers: Gem\u00e4\u00df Gesetz 34\/2002 vom 11. Juli \u00fcber Informationsgesellschaftsdienste und Elektronischen Handel (LSSICE). Allgemeine Informationspflichten, die in Artikel 10 des LSSI festgelegt sind. Diese Richtlinie regelt den Zugang zu und die Nutzung der Website www.gasparsuarez.com Eigentum von: GASPAR&amp;SUAREZ REISEN UND LUXUSERLEBNISSE SL CIF: B10666956 Adresse: CALLE CARLOS MASIDE 10 1D CP36640-PUENTECESURES E-Mail: admin@gasparsuarez.com [&hellip;]<\/p>\n","protected":false},"author":1,"featured_media":0,"parent":0,"menu_order":0,"comment_status":"closed","ping_status":"closed","template":"elementor_header_footer","meta":{"_acf_changed":false,"_seopress_robots_primary_cat":"","_seopress_titles_title":"","_seopress_titles_desc":"","_seopress_robots_index":"Ja","inline_featured_image":false,"footnotes":""},"class_list":["post-1366","page","type-page","status-publish"],"acf":[],"_links":{"self":[{"href":"https:\/\/gasparsuarez.com\/de\/wp-json\/wp\/v2\/pages\/1366","targetHints":{"allow":["GET"]}}],"collection":[{"href":"https:\/\/gasparsuarez.com\/de\/wp-json\/wp\/v2\/pages"}],"about":[{"href":"https:\/\/gasparsuarez.com\/de\/wp-json\/wp\/v2\/types\/page"}],"author":[{"embeddable":true,"href":"https:\/\/gasparsuarez.com\/de\/wp-json\/wp\/v2\/users\/1"}],"replies":[{"embeddable":true,"href":"https:\/\/gasparsuarez.com\/de\/wp-json\/wp\/v2\/comments?post=1366"}],"version-history":[{"count":9,"href":"https:\/\/gasparsuarez.com\/de\/wp-json\/wp\/v2\/pages\/1366\/revisions"}],"predecessor-version":[{"id":5347,"href":"https:\/\/gasparsuarez.com\/de\/wp-json\/wp\/v2\/pages\/1366\/revisions\/5347"}],"wp:attachment":[{"href":"https:\/\/gasparsuarez.com\/de\/wp-json\/wp\/v2\/media?parent=1366"}],"curies":[{"name":"wp","href":"https:\/\/api.w.org\/{rel}","templated":true}]}}