{"id":1133,"date":"2022-06-07T13:14:17","date_gmt":"2022-06-07T13:14:17","guid":{"rendered":"http:\/\/gasparsuarez.com\/ultra-luxus"},"modified":"2026-02-02T06:46:32","modified_gmt":"2026-02-02T06:46:32","slug":"ultra-luxus","status":"publish","type":"page","link":"https:\/\/gasparsuarez.com\/de\/ultra-luxus\/","title":{"rendered":"Ultra-Luxus"},"content":{"rendered":"\t\t<div data-elementor-type=\"wp-page\" data-elementor-id=\"1133\" class=\"elementor elementor-1133 elementor-281\" data-elementor-post-type=\"page\">\n\t\t\t\t\t\t<section data-dce-background-color=\"#FFFFFF\" data-dce-background-image-url=\"https:\/\/gasparsuarez.com\/wp-content\/uploads\/2022\/06\/hero_ultralujo.jpg\" class=\"elementor-section elementor-top-section elementor-element elementor-element-8335cc2 elementor-section-height-min-height elementor-section-stretched elementor-section-boxed elementor-section-height-default elementor-section-items-middle\" data-id=\"8335cc2\" data-element_type=\"section\" data-e-type=\"section\" data-settings=\"{&quot;background_background&quot;:&quot;classic&quot;,&quot;stretch_section&quot;:&quot;section-stretched&quot;}\">\n\t\t\t\t\t\t<div class=\"elementor-container elementor-column-gap-default\">\n\t\t\t\t\t<div class=\"elementor-column elementor-col-100 elementor-top-column elementor-element elementor-element-7168808\" data-id=\"7168808\" data-element_type=\"column\" data-e-type=\"column\">\n\t\t\t<div class=\"elementor-widget-wrap\">\n\t\t\t\t\t\t\t<\/div>\n\t\t<\/div>\n\t\t\t\t\t<\/div>\n\t\t<\/section>\n\t\t\t\t<section class=\"elementor-section elementor-top-section elementor-element elementor-element-b2bc0c6 elementor-section-boxed elementor-section-height-default elementor-section-height-default\" data-id=\"b2bc0c6\" data-element_type=\"section\" data-e-type=\"section\">\n\t\t\t\t\t\t<div class=\"elementor-container elementor-column-gap-default\">\n\t\t\t\t\t<div class=\"elementor-column elementor-col-100 elementor-top-column elementor-element elementor-element-bbdebfd\" data-id=\"bbdebfd\" data-element_type=\"column\" data-e-type=\"column\">\n\t\t\t<div class=\"elementor-widget-wrap elementor-element-populated\">\n\t\t\t\t\t\t<div class=\"elementor-element elementor-element-5829b2a elementor-widget elementor-widget-heading\" data-id=\"5829b2a\" data-element_type=\"widget\" data-e-type=\"widget\" data-widget_type=\"heading.default\">\n\t\t\t\t\t<h1 class=\"elementor-heading-title elementor-size-default\">Ultra-Luxus<\/h1>\t\t\t\t<\/div>\n\t\t\t\t<div data-dce-title-color=\"#000000\" class=\"elementor-element elementor-element-6c8e2f1 elementor-widget elementor-widget-heading\" data-id=\"6c8e2f1\" data-element_type=\"widget\" data-e-type=\"widget\" data-widget_type=\"heading.default\">\n\t\t\t\t\t<p class=\"elementor-heading-title elementor-size-default\">F\u00fcr die exklusivsten Erlebnisse bieten wir Ihnen die M\u00f6glichkeit, Sie zu treffen, und bieten Ihnen einen pers\u00f6nlichen und privaten Service mit v\u00f6lliger Diskretion.\nEgal, wo Sie es uns sagen, in einer angenehmen und angenehmen Umgebung, in der wir uns austauschen und Ihre Ideen anh\u00f6ren k\u00f6nnen, um Ihre Bed\u00fcrfnisse zu verstehen, Sie beraten und Ihnen das beste Erlebnis bieten k\u00f6nnen.<\/p>\t\t\t\t<\/div>\n\t\t\t\t\t<\/div>\n\t\t<\/div>\n\t\t\t\t\t<\/div>\n\t\t<\/section>\n\t\t\t\t<section class=\"elementor-section elementor-top-section elementor-element elementor-element-e726ef5 elementor-section-boxed elementor-section-height-default elementor-section-height-default\" data-id=\"e726ef5\" data-element_type=\"section\" data-e-type=\"section\">\n\t\t\t\t\t\t<div class=\"elementor-container elementor-column-gap-default\">\n\t\t\t\t\t<div class=\"elementor-column elementor-col-50 elementor-top-column elementor-element elementor-element-4e09b93\" data-id=\"4e09b93\" data-element_type=\"column\" data-e-type=\"column\" data-settings=\"{&quot;motion_fx_motion_fx_scrolling&quot;:&quot;yes&quot;,&quot;motion_fx_translateY_effect&quot;:&quot;yes&quot;,&quot;motion_fx_translateY_speed&quot;:{&quot;unit&quot;:&quot;px&quot;,&quot;size&quot;:2,&quot;sizes&quot;:[]},&quot;motion_fx_devices&quot;:[&quot;desktop&quot;,&quot;laptop&quot;],&quot;motion_fx_translateY_affectedRange&quot;:{&quot;unit&quot;:&quot;%&quot;,&quot;size&quot;:&quot;&quot;,&quot;sizes&quot;:{&quot;start&quot;:0,&quot;end&quot;:100}}}\">\n\t\t\t<div class=\"elementor-widget-wrap elementor-element-populated\">\n\t\t\t\t\t\t<div class=\"elementor-element elementor-element-9a553a7 dce_masking-none elementor-widget elementor-widget-image\" data-id=\"9a553a7\" data-element_type=\"widget\" data-e-type=\"widget\" data-widget_type=\"image.default\">\n\t\t\t\t\t\t\t\t\t\t\t\t\t\t\t<img fetchpriority=\"high\" decoding=\"async\" width=\"800\" height=\"543\" src=\"https:\/\/gasparsuarez.com\/wp-content\/uploads\/2022\/06\/jets@2x-1024x695.jpg\" class=\"attachment-large size-large wp-image-925\" alt=\"\" srcset=\"https:\/\/gasparsuarez.com\/wp-content\/uploads\/2022\/06\/jets@2x-1024x695.jpg 1024w, https:\/\/gasparsuarez.com\/wp-content\/uploads\/2022\/06\/jets@2x-300x204.jpg 300w, https:\/\/gasparsuarez.com\/wp-content\/uploads\/2022\/06\/jets@2x-768x521.jpg 768w, https:\/\/gasparsuarez.com\/wp-content\/uploads\/2022\/06\/jets@2x.jpg 1514w\" sizes=\"(max-width: 800px) 100vw, 800px\" \/>\t\t\t\t\t\t\t\t\t\t\t\t\t\t\t<\/div>\n\t\t\t\t\t<\/div>\n\t\t<\/div>\n\t\t\t\t<div class=\"elementor-column elementor-col-50 elementor-top-column elementor-element elementor-element-ec15b11\" data-id=\"ec15b11\" data-element_type=\"column\" data-e-type=\"column\">\n\t\t\t<div class=\"elementor-widget-wrap elementor-element-populated\">\n\t\t\t\t\t\t<div class=\"elementor-element elementor-element-145ef52 elementor-widget elementor-widget-heading\" data-id=\"145ef52\" data-element_type=\"widget\" data-e-type=\"widget\" data-widget_type=\"heading.default\">\n\t\t\t\t\t<h3 class=\"elementor-heading-title elementor-size-default\">Privatjets<\/h3>\t\t\t\t<\/div>\n\t\t\t\t<div class=\"elementor-element elementor-element-b8f36e9 elementor-widget-divider--view-line elementor-widget elementor-widget-divider\" data-id=\"b8f36e9\" data-element_type=\"widget\" data-e-type=\"widget\" data-widget_type=\"divider.default\">\n\t\t\t\t\t\t\t<div class=\"elementor-divider\">\n\t\t\t<span class=\"elementor-divider-separator\">\n\t\t\t\t\t\t<\/span>\n\t\t<\/div>\n\t\t\t\t\t\t<\/div>\n\t\t\t\t<div class=\"elementor-element elementor-element-3b5c171 elementor-widget elementor-widget-text-editor\" data-id=\"3b5c171\" data-element_type=\"widget\" data-e-type=\"widget\" data-widget_type=\"text-editor.default\">\n\t\t\t\t\t\t\t\t\t<p>Wir k\u00fcmmern uns um alle Aspekte, die mit der Beschaffung eines Privatjets f\u00fcr Ihre Reise verbunden sind. Genie\u00dfen Sie die erheblichen Vorteile des Fliegens mit einem Privatjet und vermeiden Sie restriktive Flugpl\u00e4ne und zeitraubende Zwischenstopps.<\/p>\t\t\t\t\t\t\t\t<\/div>\n\t\t\t\t<div data-dce-background-color=\"#B2462B\" class=\"elementor-element elementor-element-e17898e elementor-align-center elementor-widget elementor-widget-button\" data-id=\"e17898e\" data-element_type=\"widget\" data-e-type=\"widget\" data-widget_type=\"button.default\">\n\t\t\t\t\t\t\t\t\t\t<a class=\"elementor-button elementor-button-link elementor-size-sm\" href=\"https:\/\/gasparsuarez.com\/de\/privatjet-charter\/\">\n\t\t\t\t\t\t<span class=\"elementor-button-content-wrapper\">\n\t\t\t\t\t\t\t\t\t<span class=\"elementor-button-text\">Unsere Privatjets<\/span>\n\t\t\t\t\t<\/span>\n\t\t\t\t\t<\/a>\n\t\t\t\t\t\t\t\t<\/div>\n\t\t\t\t\t<\/div>\n\t\t<\/div>\n\t\t\t\t\t<\/div>\n\t\t<\/section>\n\t\t\t\t<section class=\"elementor-section elementor-top-section elementor-element elementor-element-a747a39 elementor-reverse-tablet elementor-reverse-mobile elementor-section-boxed elementor-section-height-default elementor-section-height-default\" data-id=\"a747a39\" data-element_type=\"section\" data-e-type=\"section\">\n\t\t\t\t\t\t<div class=\"elementor-container elementor-column-gap-default\">\n\t\t\t\t\t<div class=\"elementor-column elementor-col-50 elementor-top-column elementor-element elementor-element-70d0b11\" data-id=\"70d0b11\" data-element_type=\"column\" data-e-type=\"column\">\n\t\t\t<div class=\"elementor-widget-wrap elementor-element-populated\">\n\t\t\t\t\t\t<div class=\"elementor-element elementor-element-182b735 elementor-widget elementor-widget-heading\" data-id=\"182b735\" data-element_type=\"widget\" data-e-type=\"widget\" data-widget_type=\"heading.default\">\n\t\t\t\t\t<h3 class=\"elementor-heading-title elementor-size-default\">Villen<\/h3>\t\t\t\t<\/div>\n\t\t\t\t<div class=\"elementor-element elementor-element-294e25e elementor-widget-divider--view-line elementor-widget elementor-widget-divider\" data-id=\"294e25e\" data-element_type=\"widget\" data-e-type=\"widget\" data-widget_type=\"divider.default\">\n\t\t\t\t\t\t\t<div class=\"elementor-divider\">\n\t\t\t<span class=\"elementor-divider-separator\">\n\t\t\t\t\t\t<\/span>\n\t\t<\/div>\n\t\t\t\t\t\t<\/div>\n\t\t\t\t<div class=\"elementor-element elementor-element-4cebf5a elementor-widget elementor-widget-text-editor\" data-id=\"4cebf5a\" data-element_type=\"widget\" data-e-type=\"widget\" data-widget_type=\"text-editor.default\">\n\t\t\t\t\t\t\t\t\t<p>Wir bieten eine sorgf\u00e4ltige und exklusive Auswahl der besten Villen der Welt. Spektakul\u00e4re Villen mit au\u00dfergew\u00f6hnlichen Lagen. Egal, ob es sich um eine Reise mit Ihrer Familie, eine Gruppe von Freunden oder einen romantischen Kurzurlaub handelt, wir haben ein ausgezeichnetes Luxushaus f\u00fcr jeden Anlass und jede Aufenthaltsdauer, zusammen mit dem ultimativen pers\u00f6nlichen Service.<\/p>\t\t\t\t\t\t\t\t<\/div>\n\t\t\t\t<div data-dce-background-color=\"#B2462B\" class=\"elementor-element elementor-element-e484ca8 elementor-align-center elementor-widget elementor-widget-button\" data-id=\"e484ca8\" data-element_type=\"widget\" data-e-type=\"widget\" data-widget_type=\"button.default\">\n\t\t\t\t\t\t\t\t\t\t<a class=\"elementor-button elementor-button-link elementor-size-sm\" href=\"https:\/\/gasparsuarez.com\/villas\">\n\t\t\t\t\t\t<span class=\"elementor-button-content-wrapper\">\n\t\t\t\t\t\t\t\t\t<span class=\"elementor-button-text\">Villen ansehen<\/span>\n\t\t\t\t\t<\/span>\n\t\t\t\t\t<\/a>\n\t\t\t\t\t\t\t\t<\/div>\n\t\t\t\t\t<\/div>\n\t\t<\/div>\n\t\t\t\t<div class=\"elementor-column elementor-col-50 elementor-top-column elementor-element elementor-element-4dba1ba\" data-id=\"4dba1ba\" data-element_type=\"column\" data-e-type=\"column\" data-settings=\"{&quot;motion_fx_motion_fx_scrolling&quot;:&quot;yes&quot;,&quot;motion_fx_devices&quot;:[&quot;desktop&quot;,&quot;laptop&quot;],&quot;motion_fx_translateX_effect&quot;:&quot;yes&quot;,&quot;motion_fx_translateX_speed&quot;:{&quot;unit&quot;:&quot;px&quot;,&quot;size&quot;:1.7,&quot;sizes&quot;:[]},&quot;motion_fx_translateX_affectedRange&quot;:{&quot;unit&quot;:&quot;%&quot;,&quot;size&quot;:&quot;&quot;,&quot;sizes&quot;:{&quot;start&quot;:0,&quot;end&quot;:100}}}\">\n\t\t\t<div class=\"elementor-widget-wrap elementor-element-populated\">\n\t\t\t\t\t\t<div class=\"elementor-element elementor-element-cb6f2c8 dce_masking-none elementor-widget elementor-widget-image\" data-id=\"cb6f2c8\" data-element_type=\"widget\" data-e-type=\"widget\" data-widget_type=\"image.default\">\n\t\t\t\t\t\t\t\t\t\t\t\t\t\t\t<img decoding=\"async\" width=\"800\" height=\"577\" data-src=\"https:\/\/gasparsuarez.com\/wp-content\/uploads\/2022\/06\/villas@2x-1024x738.jpg\" class=\"attachment-large size-large wp-image-940 lazyload\" alt=\"\" data-srcset=\"https:\/\/gasparsuarez.com\/wp-content\/uploads\/2022\/06\/villas@2x-1024x738.jpg 1024w, https:\/\/gasparsuarez.com\/wp-content\/uploads\/2022\/06\/villas@2x-300x216.jpg 300w, https:\/\/gasparsuarez.com\/wp-content\/uploads\/2022\/06\/villas@2x-768x554.jpg 768w, https:\/\/gasparsuarez.com\/wp-content\/uploads\/2022\/06\/villas@2x.jpg 1426w\" data-sizes=\"(max-width: 800px) 100vw, 800px\" src=\"data:image\/svg+xml;base64,PHN2ZyB3aWR0aD0iMSIgaGVpZ2h0PSIxIiB4bWxucz0iaHR0cDovL3d3dy53My5vcmcvMjAwMC9zdmciPjwvc3ZnPg==\" style=\"--smush-placeholder-width: 800px; --smush-placeholder-aspect-ratio: 800\/577;\" \/>\t\t\t\t\t\t\t\t\t\t\t\t\t\t\t<\/div>\n\t\t\t\t\t<\/div>\n\t\t<\/div>\n\t\t\t\t\t<\/div>\n\t\t<\/section>\n\t\t\t\t<section class=\"elementor-section elementor-top-section elementor-element elementor-element-42340d9 elementor-section-boxed elementor-section-height-default elementor-section-height-default\" data-id=\"42340d9\" data-element_type=\"section\" data-e-type=\"section\">\n\t\t\t\t\t\t<div class=\"elementor-container elementor-column-gap-default\">\n\t\t\t\t\t<div class=\"elementor-column elementor-col-50 elementor-top-column elementor-element elementor-element-64505bf\" data-id=\"64505bf\" data-element_type=\"column\" data-e-type=\"column\" data-settings=\"{&quot;motion_fx_motion_fx_scrolling&quot;:&quot;yes&quot;,&quot;motion_fx_translateY_effect&quot;:&quot;yes&quot;,&quot;motion_fx_translateY_speed&quot;:{&quot;unit&quot;:&quot;px&quot;,&quot;size&quot;:2,&quot;sizes&quot;:[]},&quot;motion_fx_devices&quot;:[&quot;desktop&quot;,&quot;laptop&quot;],&quot;motion_fx_translateY_affectedRange&quot;:{&quot;unit&quot;:&quot;%&quot;,&quot;size&quot;:&quot;&quot;,&quot;sizes&quot;:{&quot;start&quot;:0,&quot;end&quot;:100}}}\">\n\t\t\t<div class=\"elementor-widget-wrap elementor-element-populated\">\n\t\t\t\t\t\t<div class=\"elementor-element elementor-element-e6f8d1c dce_masking-none elementor-widget elementor-widget-image\" data-id=\"e6f8d1c\" data-element_type=\"widget\" data-e-type=\"widget\" data-widget_type=\"image.default\">\n\t\t\t\t\t\t\t\t\t\t\t\t\t\t\t<img decoding=\"async\" width=\"800\" height=\"543\" data-src=\"https:\/\/gasparsuarez.com\/wp-content\/uploads\/2022\/06\/islas@2x-1024x695.jpg\" class=\"attachment-large size-large wp-image-922 lazyload\" alt=\"\" data-srcset=\"https:\/\/gasparsuarez.com\/wp-content\/uploads\/2022\/06\/islas@2x-1024x695.jpg 1024w, https:\/\/gasparsuarez.com\/wp-content\/uploads\/2022\/06\/islas@2x-300x204.jpg 300w, https:\/\/gasparsuarez.com\/wp-content\/uploads\/2022\/06\/islas@2x-768x521.jpg 768w, https:\/\/gasparsuarez.com\/wp-content\/uploads\/2022\/06\/islas@2x.jpg 1514w\" data-sizes=\"(max-width: 800px) 100vw, 800px\" src=\"data:image\/svg+xml;base64,PHN2ZyB3aWR0aD0iMSIgaGVpZ2h0PSIxIiB4bWxucz0iaHR0cDovL3d3dy53My5vcmcvMjAwMC9zdmciPjwvc3ZnPg==\" style=\"--smush-placeholder-width: 800px; --smush-placeholder-aspect-ratio: 800\/543;\" \/>\t\t\t\t\t\t\t\t\t\t\t\t\t\t\t<\/div>\n\t\t\t\t\t<\/div>\n\t\t<\/div>\n\t\t\t\t<div class=\"elementor-column elementor-col-50 elementor-top-column elementor-element elementor-element-55e4f89\" data-id=\"55e4f89\" data-element_type=\"column\" data-e-type=\"column\">\n\t\t\t<div class=\"elementor-widget-wrap elementor-element-populated\">\n\t\t\t\t\t\t<div class=\"elementor-element elementor-element-4b44d99 elementor-widget elementor-widget-heading\" data-id=\"4b44d99\" data-element_type=\"widget\" data-e-type=\"widget\" data-widget_type=\"heading.default\">\n\t\t\t\t\t<h3 class=\"elementor-heading-title elementor-size-default\">Private Inseln<\/h3>\t\t\t\t<\/div>\n\t\t\t\t<div class=\"elementor-element elementor-element-50df2b2 elementor-widget-divider--view-line elementor-widget elementor-widget-divider\" data-id=\"50df2b2\" data-element_type=\"widget\" data-e-type=\"widget\" data-widget_type=\"divider.default\">\n\t\t\t\t\t\t\t<div class=\"elementor-divider\">\n\t\t\t<span class=\"elementor-divider-separator\">\n\t\t\t\t\t\t<\/span>\n\t\t<\/div>\n\t\t\t\t\t\t<\/div>\n\t\t\t\t<div class=\"elementor-element elementor-element-d826c20 elementor-widget elementor-widget-text-editor\" data-id=\"d826c20\" data-element_type=\"widget\" data-e-type=\"widget\" data-widget_type=\"text-editor.default\">\n\t\t\t\t\t\t\t\t\t<p>Wir bieten die spektakul\u00e4rsten und exklusivsten Privatinseln. Eine sorgf\u00e4ltige Auswahl der Besten. Erstaunliche Inseln f\u00fcr jeden Anlass, sei es ein Ausflug mit Ihrer Familie, eine Gruppe von Freunden, ein romantischer Kurzurlaub oder f\u00fcr jede Veranstaltung, wir haben die perfekte Insel f\u00fcr Sie. Verirren Sie sich irgendwo auf dem Planeten und f\u00fchlen Sie sich wie im Paradies.   <\/p>\t\t\t\t\t\t\t\t<\/div>\n\t\t\t\t\t<\/div>\n\t\t<\/div>\n\t\t\t\t\t<\/div>\n\t\t<\/section>\n\t\t\t\t<section class=\"elementor-section elementor-top-section elementor-element elementor-element-425f1a4 elementor-section-boxed elementor-section-height-default elementor-section-height-default elementor-invisible\" data-id=\"425f1a4\" data-element_type=\"section\" data-e-type=\"section\" data-settings=\"{&quot;animation&quot;:&quot;fadeInUp&quot;}\">\n\t\t\t\t\t\t<div class=\"elementor-container elementor-column-gap-default\">\n\t\t\t\t\t<div class=\"elementor-column elementor-col-100 elementor-top-column elementor-element elementor-element-1aac32d\" data-id=\"1aac32d\" data-element_type=\"column\" data-e-type=\"column\">\n\t\t\t<div class=\"elementor-widget-wrap elementor-element-populated\">\n\t\t\t\t\t\t<div class=\"elementor-element elementor-element-98495af dce_masking-none elementor-widget elementor-widget-image\" data-id=\"98495af\" data-element_type=\"widget\" data-e-type=\"widget\" data-widget_type=\"image.default\">\n\t\t\t\t\t\t\t\t\t\t\t\t\t\t\t<img decoding=\"async\" width=\"1800\" height=\"848\" data-src=\"https:\/\/gasparsuarez.com\/wp-content\/uploads\/2022\/06\/private_boat.jpg\" class=\"attachment-full size-full wp-image-1048 lazyload\" alt=\"\" data-srcset=\"https:\/\/gasparsuarez.com\/wp-content\/uploads\/2022\/06\/private_boat.jpg 1800w, https:\/\/gasparsuarez.com\/wp-content\/uploads\/2022\/06\/private_boat-300x141.jpg 300w, https:\/\/gasparsuarez.com\/wp-content\/uploads\/2022\/06\/private_boat-1024x482.jpg 1024w, https:\/\/gasparsuarez.com\/wp-content\/uploads\/2022\/06\/private_boat-768x362.jpg 768w, https:\/\/gasparsuarez.com\/wp-content\/uploads\/2022\/06\/private_boat-1536x724.jpg 1536w\" data-sizes=\"(max-width: 1800px) 100vw, 1800px\" src=\"data:image\/svg+xml;base64,PHN2ZyB3aWR0aD0iMSIgaGVpZ2h0PSIxIiB4bWxucz0iaHR0cDovL3d3dy53My5vcmcvMjAwMC9zdmciPjwvc3ZnPg==\" style=\"--smush-placeholder-width: 1800px; --smush-placeholder-aspect-ratio: 1800\/848;\" \/>\t\t\t\t\t\t\t\t\t\t\t\t\t\t\t<\/div>\n\t\t\t\t\t<\/div>\n\t\t<\/div>\n\t\t\t\t\t<\/div>\n\t\t<\/section>\n\t\t\t\t<section class=\"elementor-section elementor-top-section elementor-element elementor-element-e9bbda4 elementor-section-boxed elementor-section-height-default elementor-section-height-default elementor-invisible\" data-id=\"e9bbda4\" data-element_type=\"section\" data-e-type=\"section\" data-settings=\"{&quot;animation&quot;:&quot;fadeInUp&quot;}\">\n\t\t\t\t\t\t<div class=\"elementor-container elementor-column-gap-default\">\n\t\t\t\t\t<div class=\"elementor-column elementor-col-50 elementor-top-column elementor-element elementor-element-36c314a\" data-id=\"36c314a\" data-element_type=\"column\" data-e-type=\"column\">\n\t\t\t<div class=\"elementor-widget-wrap elementor-element-populated\">\n\t\t\t\t\t\t<div class=\"elementor-element elementor-element-b5df5ae elementor-widget elementor-widget-heading\" data-id=\"b5df5ae\" data-element_type=\"widget\" data-e-type=\"widget\" data-widget_type=\"heading.default\">\n\t\t\t\t\t<h2 class=\"elementor-heading-title elementor-size-default\">Superyachten<\/h2>\t\t\t\t<\/div>\n\t\t\t\t<div class=\"elementor-element elementor-element-88dca8f elementor-widget-divider--view-line elementor-widget elementor-widget-divider\" data-id=\"88dca8f\" data-element_type=\"widget\" data-e-type=\"widget\" data-widget_type=\"divider.default\">\n\t\t\t\t\t\t\t<div class=\"elementor-divider\">\n\t\t\t<span class=\"elementor-divider-separator\">\n\t\t\t\t\t\t<\/span>\n\t\t<\/div>\n\t\t\t\t\t\t<\/div>\n\t\t\t\t<div class=\"elementor-element elementor-element-5bdb052 elementor-widget elementor-widget-text-editor\" data-id=\"5bdb052\" data-element_type=\"widget\" data-e-type=\"widget\" data-widget_type=\"text-editor.default\">\n\t\t\t\t\t\t\t\t\t<p>Erleben Sie die Privatsph\u00e4re, Freiheit und das Wohlbefinden des Segelns \u00fcberall auf der Welt, sei es in einer geheimen Ecke oder beim Segeln auf hoher See. Wir haben die besten Superyachten zu vermieten, wir passen jedes Detail nach Ihren W\u00fcnschen an. <\/p><p>Wir stellen Ihnen eine Vielzahl von Erfahrungen zur Verf\u00fcgung, um alle Ihre Bed\u00fcrfnisse sowohl an Land als auch auf See abzudecken.<\/p>\t\t\t\t\t\t\t\t<\/div>\n\t\t\t\t\t<\/div>\n\t\t<\/div>\n\t\t\t\t<div class=\"elementor-column elementor-col-50 elementor-top-column elementor-element elementor-element-714a37c\" data-id=\"714a37c\" data-element_type=\"column\" data-e-type=\"column\">\n\t\t\t<div class=\"elementor-widget-wrap elementor-element-populated\">\n\t\t\t\t\t\t<div class=\"elementor-element elementor-element-4653ee2 elementor-widget elementor-widget-heading\" data-id=\"4653ee2\" data-element_type=\"widget\" data-e-type=\"widget\" data-widget_type=\"heading.default\">\n\t\t\t\t\t<h3 class=\"elementor-heading-title elementor-size-default\">Logistik<\/h3>\t\t\t\t<\/div>\n\t\t\t\t<div class=\"elementor-element elementor-element-925e427 elementor-widget elementor-widget-text-editor\" data-id=\"925e427\" data-element_type=\"widget\" data-e-type=\"widget\" data-widget_type=\"text-editor.default\">\n\t\t\t\t\t\t\t\t\t<p>Wir k\u00fcmmern uns um die gesamte Logistik in jeder Destination.<\/p>\t\t\t\t\t\t\t\t<\/div>\n\t\t\t\t<div class=\"elementor-element elementor-element-5238657 elementor-widget elementor-widget-heading\" data-id=\"5238657\" data-element_type=\"widget\" data-e-type=\"widget\" data-widget_type=\"heading.default\">\n\t\t\t\t\t<h2 class=\"elementor-heading-title elementor-size-default\">Gastronomie<\/h2>\t\t\t\t<\/div>\n\t\t\t\t<div class=\"elementor-element elementor-element-9410a1d elementor-widget elementor-widget-text-editor\" data-id=\"9410a1d\" data-element_type=\"widget\" data-e-type=\"widget\" data-widget_type=\"text-editor.default\">\n\t\t\t\t\t\t\t\t\t<p>Ob auf hoher See oder an Land, wir haben die besten K\u00f6che, genie\u00dfen Sie auch die Restaurants oder das Nachtleben in jedem Reiseziel. Wir kennen die besten Orte f\u00fcr Sie, um Luxus und Privatsph\u00e4re zu genie\u00dfen. <\/p>\t\t\t\t\t\t\t\t<\/div>\n\t\t\t\t<div class=\"elementor-element elementor-element-ede8be3 elementor-widget elementor-widget-heading\" data-id=\"ede8be3\" data-element_type=\"widget\" data-e-type=\"widget\" data-widget_type=\"heading.default\">\n\t\t\t\t\t<h2 class=\"elementor-heading-title elementor-size-default\">Aktivit\u00e4ten<\/h2>\t\t\t\t<\/div>\n\t\t\t\t<div class=\"elementor-element elementor-element-23fb4c9 elementor-widget elementor-widget-text-editor\" data-id=\"23fb4c9\" data-element_type=\"widget\" data-e-type=\"widget\" data-widget_type=\"text-editor.default\">\n\t\t\t\t\t\t\t\t\t<p>Sonnen Sie sich an einem idyllischen Strand, machen Sie einen Ausflug mit den besten Guides oder tauchen Sie mit erfahrenen Tauchern ein. Wir arbeiten mit Ihrem Team zusammen und planen Ihre Lieblingsaktivit\u00e4ten. <\/p>\t\t\t\t\t\t\t\t<\/div>\n\t\t\t\t\t<\/div>\n\t\t<\/div>\n\t\t\t\t\t<\/div>\n\t\t<\/section>\n\t\t\t\t<section class=\"elementor-section elementor-top-section elementor-element elementor-element-f73a0bb elementor-section-boxed elementor-section-height-default elementor-section-height-default\" data-id=\"f73a0bb\" data-element_type=\"section\" data-e-type=\"section\" data-settings=\"{&quot;background_background&quot;:&quot;classic&quot;}\">\n\t\t\t\t\t\t<div class=\"elementor-container elementor-column-gap-default\">\n\t\t\t\t\t<div class=\"elementor-column elementor-col-100 elementor-top-column elementor-element elementor-element-61b79e7\" data-id=\"61b79e7\" data-element_type=\"column\" data-e-type=\"column\">\n\t\t\t<div class=\"elementor-widget-wrap elementor-element-populated\">\n\t\t\t\t\t\t<div class=\"elementor-element elementor-element-5138bd3 elementor-widget elementor-widget-heading\" data-id=\"5138bd3\" data-element_type=\"widget\" data-e-type=\"widget\" data-widget_type=\"heading.default\">\n\t\t\t\t\t<h3 class=\"elementor-heading-title elementor-size-default\">Einzigartige Erlebnisse, die f\u00fcr Sie entwickelt wurden<\/h3>\t\t\t\t<\/div>\n\t\t\t\t<div class=\"elementor-element elementor-element-b19953f elementor-align-center elementor-widget elementor-widget-button\" data-id=\"b19953f\" data-element_type=\"widget\" data-e-type=\"widget\" data-widget_type=\"button.default\">\n\t\t\t\t\t\t\t\t\t\t<a class=\"elementor-button elementor-button-link elementor-size-sm\" href=\"https:\/\/gasparsuarez.com\/de\/kontakt\/\">\n\t\t\t\t\t\t<span class=\"elementor-button-content-wrapper\">\n\t\t\t\t\t\t\t\t\t<span class=\"elementor-button-text\">Sagen Sie uns, was Sie brauchen<\/span>\n\t\t\t\t\t<\/span>\n\t\t\t\t\t<\/a>\n\t\t\t\t\t\t\t\t<\/div>\n\t\t\t\t\t<\/div>\n\t\t<\/div>\n\t\t\t\t\t<\/div>\n\t\t<\/section>\n\t\t\t\t<\/div>\n\t\t","protected":false},"excerpt":{"rendered":"<p>Ultra-Luxus F\u00fcr die exklusivsten Erlebnisse bieten wir Ihnen die M\u00f6glichkeit, Sie zu treffen, und bieten Ihnen einen pers\u00f6nlichen und privaten Service mit v\u00f6lliger Diskretion. Egal, wo Sie es uns sagen, in einer angenehmen und angenehmen Umgebung, in der wir uns austauschen und Ihre Ideen anh\u00f6ren k\u00f6nnen, um Ihre Bed\u00fcrfnisse zu verstehen, Sie beraten und Ihnen [&hellip;]<\/p>\n","protected":false},"author":1,"featured_media":0,"parent":0,"menu_order":0,"comment_status":"closed","ping_status":"closed","template":"","meta":{"_acf_changed":false,"_seopress_robots_primary_cat":"","_seopress_titles_title":"Private Aufmerksamkeit f\u00fcr Luxusreisen [ Gaspar & Suarez ]","_seopress_titles_desc":"Wir haben ein Team von voll qualifizierten Fachleuten, um Ihre Erfahrung an dem von Ihnen vorgeschlagenen Ort so luxuri\u00f6s und privat wie m\u00f6glich zu gestalten, ohne Grenzen.","_seopress_robots_index":"","inline_featured_image":false,"footnotes":""},"class_list":["post-1133","page","type-page","status-publish"],"acf":[],"_links":{"self":[{"href":"https:\/\/gasparsuarez.com\/de\/wp-json\/wp\/v2\/pages\/1133","targetHints":{"allow":["GET"]}}],"collection":[{"href":"https:\/\/gasparsuarez.com\/de\/wp-json\/wp\/v2\/pages"}],"about":[{"href":"https:\/\/gasparsuarez.com\/de\/wp-json\/wp\/v2\/types\/page"}],"author":[{"embeddable":true,"href":"https:\/\/gasparsuarez.com\/de\/wp-json\/wp\/v2\/users\/1"}],"replies":[{"embeddable":true,"href":"https:\/\/gasparsuarez.com\/de\/wp-json\/wp\/v2\/comments?post=1133"}],"version-history":[{"count":16,"href":"https:\/\/gasparsuarez.com\/de\/wp-json\/wp\/v2\/pages\/1133\/revisions"}],"predecessor-version":[{"id":5600,"href":"https:\/\/gasparsuarez.com\/de\/wp-json\/wp\/v2\/pages\/1133\/revisions\/5600"}],"wp:attachment":[{"href":"https:\/\/gasparsuarez.com\/de\/wp-json\/wp\/v2\/media?parent=1133"}],"curies":[{"name":"wp","href":"https:\/\/api.w.org\/{rel}","templated":true}]}}